{"id":129,"date":"2022-06-06T15:44:48","date_gmt":"2022-06-06T15:44:48","guid":{"rendered":"https:\/\/dmc.buemes.com.uy\/?page_id=129"},"modified":"2025-12-12T17:42:19","modified_gmt":"2025-12-12T17:42:19","slug":"presentacion","status":"publish","type":"page","link":"https:\/\/dmc.buemes.com.uy\/en\/presentacion\/","title":{"rendered":"PRESENTATION"},"content":{"rendered":"<figure><img decoding=\"async\" src=\"https:\/\/dmc.buemes.com.uy\/wp-content\/uploads\/elementor\/thumbs\/companyProfile7-min-ppx88ryoywcglmkbk812sat6sqf8wvuayq99qo05v0.jpg\" alt=\"companyProfile7-min\"><\/figure>\n<figure><img decoding=\"async\" src=\"https:\/\/dmc.buemes.com.uy\/wp-content\/uploads\/elementor\/thumbs\/companyProfile5-min-ppx88p56ee8lmsof0ot72tit0kt59sj3ycatau4cdo.jpg\" alt=\"companyProfile5-min\"><\/figure>\n<figure><img decoding=\"async\" src=\"https:\/\/dmc.buemes.com.uy\/wp-content\/uploads\/elementor\/thumbs\/WhatsApp-Image-2022-04-26-at-5.45.51-PM--psfkud77ysn5q5lb8kkny52erz0twx9z66u0js66cs.jpg\" alt=\"WhatsApp Image 2022-04-26 at 5.45.51 PM -\"><\/figure>\n<figure><img decoding=\"async\" src=\"https:\/\/dmc.buemes.com.uy\/wp-content\/uploads\/elementor\/thumbs\/06-Buemes-2Y9A9643--psfkwbp47dbnwwqwsx1on59zbvdcy81ufvrfjj9ne4.jpg\" alt=\"06 - Buemes - 2Y9A9643-\"><\/figure>\n<p>Previous<br \/>\nNext<\/p>\n<h2>Company Profile<\/h2>\n<p>Established in 1954, BUEME'S TRAVEL DMC leads the tourism industry in Uruguay by providing the proper attention and service that travelers and international tourists require nowadays: Complete services organization, information, culture, comfortable accommodation, natural environment and a personal touch from your host while taking care of every little detail.\n\nWe are also official representatives for Carlson Wagonlit Travel in Uruguay and tour operators for shore excursions in our ports enjoyed by cruisers from the major cruise lines of the world.<\/p>\n<p>Our experienced organization has the right means, materials and professional human resources for receiving FIT\u2019s and groups. Our transfers and tours are conducted in the most up-to-date vehicles. We have trained an excellent group of professional bilingual tour guides who have made our company a leader in the field.<\/p>\n<p>Since the making of the package until the guests leave our country after their visit, each visitor receives a valuable input as a consequence of all our years of experience, which represents a quality seal that will make your customers appreciate your inclusion of Uruguay on their itinerary.<\/p>\n<p>Our 450 m2 office in Montevideo downtown have given us a wide space to accommodate our both Incoming and Outgoing departments with a staff of 50 employees, along with a meeting room and other facilities. We also have a branch in the residential neighborhood of Carrasco, a new office in the new business area of Buceo neighbourhood, and an Implant Office at the US Embassy with three staff members.<\/p>\n<p><iframe frameborder=\"0\" scrolling=\"no\" marginheight=\"0\" marginwidth=\"0\" src=\"https:\/\/maps.google.com\/maps?q=uruguay&amp;t=m&amp;z=6&amp;output=embed&amp;iwloc=near\" title=\"uruguay\" aria-label=\"uruguay\"><\/iframe><\/p>\n<h3>Our integral service gathers:<\/h3>\n<ul>\n<li>\n\t\t\t\t\t<a href=\"https:\/\/dmc.buemes.com.uy\/en\/category\/uncategorized\/\"><br \/>\nFull fare for FIT passengers<br \/>\n<\/a><\/li>\n<li>\n\t\t\t\t\t<a href=\"https:\/\/dmc.buemes.com.uy\/en\/category\/uncategorized\/\"><br \/>\nGroup planning<br \/>\n<\/a><\/li>\n<li>\n\t\t\t\t\t<a href=\"https:\/\/dmc.buemes.com.uy\/en\/category\/uncategorized\/\"><br \/>\nCongresses and conventions<br \/>\n<\/a><\/li>\n<li>\n\t\t\t\t\t<a href=\"https:\/\/dmc.buemes.com.uy\/en\/category\/uncategorized\/\"><br \/>\nIncentives<br \/>\n<\/a><\/li>\n<li>\n\t\t\t\t\t<a href=\"https:\/\/dmc.buemes.com.uy\/en\/category\/uncategorized\/\"><br \/>\nLand excursions<br \/>\n<\/a><\/li>\n<li>\n\t\t\t\t\t<a href=\"https:\/\/dmc.buemes.com.uy\/en\/category\/uncategorized\/\"><br \/>\nSpecial groups<br \/>\n<\/a><\/li>\n<li>\n\t\t\t\t\t<a href=\"https:\/\/dmc.buemes.com.uy\/en\/category\/uncategorized\/\"><br \/>\nEco tourism \/ Rural Tourism<br \/>\n<\/a><\/li>\n<\/ul>\n<h3>Sustainability<\/h3>\n<p><strong>Buemes DMC<\/strong> is committed to the sustainable development of its services. For more information and to download our Sustainability Policy, do <a href=\"https:\/\/dmc.buemes.com.uy\/wp-content\/uploads\/2022\/06\/Politica-de-Sostenibilidad-Buemes-DMC-Nuevo-Formato.pdf\" target=\"_blank\" rel=\"noopener\">click aqu\u00ed<\/a>.<\/p>\n<h3>Our vision<\/h3>\n<p>To share with the rest of the world our passion for our country and to be able to exceed our clients\u2019 expectations.<\/p>\n<h3>Our mission<\/h3>\n<p>We are dedicated to promoting Uruguay\u2019s cultural and natural heritages. We guarantee personalized service and customer care as well as tailor made tours. We are a well-trained and highly motivated team, which is fully identified with the company\u2019s values.<\/p>\n<h3>Our values<\/h3>\n<p>Trustworthy, Professionalism, Transparency<\/p>\n<h3>\n\t\t\t\t\t\tFor any questions, queries or requests<\/h3>\n<p>please feel free to contact us: <a href=\"#\" target=\"_blank\" rel=\"noopener\">receptivo@buemes.com.uy<\/a><\/p>","protected":false},"excerpt":{"rendered":"<p>Previous Next Presentaci\u00f3n Establecida en 1954, VIAJES BUEME\u2019S es pionera del turismo en el Uruguay brindando la atenci\u00f3n y el servicio que hoy requiere el viajero y turista internacional: perfecta organizaci\u00f3n en la coordinaci\u00f3n de sus servicios, informaci\u00f3n, cultura, alojamiento confortable, entorno natural y un toque personal de su anfitri\u00f3n en el cuidado de los [&hellip;]<\/p>","protected":false},"author":2,"featured_media":0,"parent":0,"menu_order":1,"comment_status":"closed","ping_status":"closed","template":"elementor_header_footer","meta":{"inline_featured_image":false,"footnotes":""},"class_list":["post-129","page","type-page","status-publish","hentry"],"yoast_head":"<!-- This site is optimized with the Yoast SEO plugin v27.2 - https:\/\/yoast.com\/product\/yoast-seo-wordpress\/ -->\n<title>PRESENTACION - Buemes<\/title>\n<meta name=\"robots\" content=\"index, follow, max-snippet:-1, max-image-preview:large, max-video-preview:-1\" \/>\n<link rel=\"canonical\" href=\"https:\/\/dmc.buemes.com.uy\/en\/presentacion\/\" \/>\n<meta property=\"og:locale\" content=\"en_GB\" \/>\n<meta property=\"og:type\" content=\"article\" \/>\n<meta property=\"og:title\" content=\"PRESENTACION - Buemes\" \/>\n<meta property=\"og:description\" content=\"Previous Next Presentaci\u00f3n Establecida en 1954, VIAJES BUEME\u2019S es pionera del turismo en el Uruguay brindando la atenci\u00f3n y el servicio que hoy requiere el viajero y turista internacional: perfecta organizaci\u00f3n en la coordinaci\u00f3n de sus servicios, informaci\u00f3n, cultura, alojamiento confortable, entorno natural y un toque personal de su anfitri\u00f3n en el cuidado de los [&hellip;]\" \/>\n<meta property=\"og:url\" content=\"https:\/\/dmc.buemes.com.uy\/en\/presentacion\/\" \/>\n<meta property=\"og:site_name\" content=\"Buemes\" \/>\n<meta property=\"article:modified_time\" content=\"2025-12-12T17:42:19+00:00\" \/>\n<meta property=\"og:image\" content=\"https:\/\/dmc.buemes.com.uy\/wp-content\/uploads\/elementor\/thumbs\/companyProfile7-min-ppx88ryoywcglmkbk812sat6sqf8wvuayq99qo05v0.jpg\" \/>\n<meta name=\"twitter:card\" content=\"summary_large_image\" \/>\n<meta name=\"twitter:label1\" content=\"Estimated reading time\" \/>\n\t<meta name=\"twitter:data1\" content=\"3 minutes\" \/>\n<script type=\"application\/ld+json\" class=\"yoast-schema-graph\">{\"@context\":\"https:\/\/schema.org\",\"@graph\":[{\"@type\":\"WebPage\",\"@id\":\"https:\/\/dmc.buemes.com.uy\/presentacion\/\",\"url\":\"https:\/\/dmc.buemes.com.uy\/presentacion\/\",\"name\":\"PRESENTACION - Buemes\",\"isPartOf\":{\"@id\":\"https:\/\/dmc.buemes.com.uy\/#website\"},\"primaryImageOfPage\":{\"@id\":\"https:\/\/dmc.buemes.com.uy\/presentacion\/#primaryimage\"},\"image\":{\"@id\":\"https:\/\/dmc.buemes.com.uy\/presentacion\/#primaryimage\"},\"thumbnailUrl\":\"https:\/\/dmc.buemes.com.uy\/wp-content\/uploads\/elementor\/thumbs\/companyProfile7-min-ppx88ryoywcglmkbk812sat6sqf8wvuayq99qo05v0.jpg\",\"datePublished\":\"2022-06-06T15:44:48+00:00\",\"dateModified\":\"2025-12-12T17:42:19+00:00\",\"breadcrumb\":{\"@id\":\"https:\/\/dmc.buemes.com.uy\/presentacion\/#breadcrumb\"},\"inLanguage\":\"en-GB\",\"potentialAction\":[{\"@type\":\"ReadAction\",\"target\":[\"https:\/\/dmc.buemes.com.uy\/presentacion\/\"]}]},{\"@type\":\"ImageObject\",\"inLanguage\":\"en-GB\",\"@id\":\"https:\/\/dmc.buemes.com.uy\/presentacion\/#primaryimage\",\"url\":\"https:\/\/dmc.buemes.com.uy\/wp-content\/uploads\/elementor\/thumbs\/companyProfile7-min-ppx88ryoywcglmkbk812sat6sqf8wvuayq99qo05v0.jpg\",\"contentUrl\":\"https:\/\/dmc.buemes.com.uy\/wp-content\/uploads\/elementor\/thumbs\/companyProfile7-min-ppx88ryoywcglmkbk812sat6sqf8wvuayq99qo05v0.jpg\"},{\"@type\":\"BreadcrumbList\",\"@id\":\"https:\/\/dmc.buemes.com.uy\/presentacion\/#breadcrumb\",\"itemListElement\":[{\"@type\":\"ListItem\",\"position\":1,\"name\":\"Home\",\"item\":\"https:\/\/dmc.buemes.com.uy\/\"},{\"@type\":\"ListItem\",\"position\":2,\"name\":\"PRESENTACION\"}]},{\"@type\":\"WebSite\",\"@id\":\"https:\/\/dmc.buemes.com.uy\/#website\",\"url\":\"https:\/\/dmc.buemes.com.uy\/\",\"name\":\"Buemes\",\"description\":\"\",\"publisher\":{\"@id\":\"https:\/\/dmc.buemes.com.uy\/#organization\"},\"potentialAction\":[{\"@type\":\"SearchAction\",\"target\":{\"@type\":\"EntryPoint\",\"urlTemplate\":\"https:\/\/dmc.buemes.com.uy\/?s={search_term_string}\"},\"query-input\":{\"@type\":\"PropertyValueSpecification\",\"valueRequired\":true,\"valueName\":\"search_term_string\"}}],\"inLanguage\":\"en-GB\"},{\"@type\":\"Organization\",\"@id\":\"https:\/\/dmc.buemes.com.uy\/#organization\",\"name\":\"Buemes\",\"url\":\"https:\/\/dmc.buemes.com.uy\/\",\"logo\":{\"@type\":\"ImageObject\",\"inLanguage\":\"en-GB\",\"@id\":\"https:\/\/dmc.buemes.com.uy\/#\/schema\/logo\/image\/\",\"url\":\"https:\/\/dmc.buemes.com.uy\/wp-content\/uploads\/2022\/06\/buemesLogo.svg\",\"contentUrl\":\"https:\/\/dmc.buemes.com.uy\/wp-content\/uploads\/2022\/06\/buemesLogo.svg\",\"width\":196,\"height\":52,\"caption\":\"Buemes\"},\"image\":{\"@id\":\"https:\/\/dmc.buemes.com.uy\/#\/schema\/logo\/image\/\"}}]}<\/script>\n<!-- \/ Yoast SEO plugin. -->","yoast_head_json":{"title":"PRESENTACION - Buemes","robots":{"index":"index","follow":"follow","max-snippet":"max-snippet:-1","max-image-preview":"max-image-preview:large","max-video-preview":"max-video-preview:-1"},"canonical":"https:\/\/dmc.buemes.com.uy\/en\/presentacion\/","og_locale":"en_GB","og_type":"article","og_title":"PRESENTACION - Buemes","og_description":"Previous Next Presentaci\u00f3n Establecida en 1954, VIAJES BUEME\u2019S es pionera del turismo en el Uruguay brindando la atenci\u00f3n y el servicio que hoy requiere el viajero y turista internacional: perfecta organizaci\u00f3n en la coordinaci\u00f3n de sus servicios, informaci\u00f3n, cultura, alojamiento confortable, entorno natural y un toque personal de su anfitri\u00f3n en el cuidado de los [&hellip;]","og_url":"https:\/\/dmc.buemes.com.uy\/en\/presentacion\/","og_site_name":"Buemes","article_modified_time":"2025-12-12T17:42:19+00:00","og_image":[{"url":"https:\/\/dmc.buemes.com.uy\/wp-content\/uploads\/elementor\/thumbs\/companyProfile7-min-ppx88ryoywcglmkbk812sat6sqf8wvuayq99qo05v0.jpg","type":"","width":"","height":""}],"twitter_card":"summary_large_image","twitter_misc":{"Estimated reading time":"3 minutes"},"schema":{"@context":"https:\/\/schema.org","@graph":[{"@type":"WebPage","@id":"https:\/\/dmc.buemes.com.uy\/presentacion\/","url":"https:\/\/dmc.buemes.com.uy\/presentacion\/","name":"PRESENTACION - Buemes","isPartOf":{"@id":"https:\/\/dmc.buemes.com.uy\/#website"},"primaryImageOfPage":{"@id":"https:\/\/dmc.buemes.com.uy\/presentacion\/#primaryimage"},"image":{"@id":"https:\/\/dmc.buemes.com.uy\/presentacion\/#primaryimage"},"thumbnailUrl":"https:\/\/dmc.buemes.com.uy\/wp-content\/uploads\/elementor\/thumbs\/companyProfile7-min-ppx88ryoywcglmkbk812sat6sqf8wvuayq99qo05v0.jpg","datePublished":"2022-06-06T15:44:48+00:00","dateModified":"2025-12-12T17:42:19+00:00","breadcrumb":{"@id":"https:\/\/dmc.buemes.com.uy\/presentacion\/#breadcrumb"},"inLanguage":"en-GB","potentialAction":[{"@type":"ReadAction","target":["https:\/\/dmc.buemes.com.uy\/presentacion\/"]}]},{"@type":"ImageObject","inLanguage":"en-GB","@id":"https:\/\/dmc.buemes.com.uy\/presentacion\/#primaryimage","url":"https:\/\/dmc.buemes.com.uy\/wp-content\/uploads\/elementor\/thumbs\/companyProfile7-min-ppx88ryoywcglmkbk812sat6sqf8wvuayq99qo05v0.jpg","contentUrl":"https:\/\/dmc.buemes.com.uy\/wp-content\/uploads\/elementor\/thumbs\/companyProfile7-min-ppx88ryoywcglmkbk812sat6sqf8wvuayq99qo05v0.jpg"},{"@type":"BreadcrumbList","@id":"https:\/\/dmc.buemes.com.uy\/presentacion\/#breadcrumb","itemListElement":[{"@type":"ListItem","position":1,"name":"Home","item":"https:\/\/dmc.buemes.com.uy\/"},{"@type":"ListItem","position":2,"name":"PRESENTACION"}]},{"@type":"WebSite","@id":"https:\/\/dmc.buemes.com.uy\/#website","url":"https:\/\/dmc.buemes.com.uy\/","name":"Buemes","description":"","publisher":{"@id":"https:\/\/dmc.buemes.com.uy\/#organization"},"potentialAction":[{"@type":"SearchAction","target":{"@type":"EntryPoint","urlTemplate":"https:\/\/dmc.buemes.com.uy\/?s={search_term_string}"},"query-input":{"@type":"PropertyValueSpecification","valueRequired":true,"valueName":"search_term_string"}}],"inLanguage":"en-GB"},{"@type":"Organization","@id":"https:\/\/dmc.buemes.com.uy\/#organization","name":"Buemes","url":"https:\/\/dmc.buemes.com.uy\/","logo":{"@type":"ImageObject","inLanguage":"en-GB","@id":"https:\/\/dmc.buemes.com.uy\/#\/schema\/logo\/image\/","url":"https:\/\/dmc.buemes.com.uy\/wp-content\/uploads\/2022\/06\/buemesLogo.svg","contentUrl":"https:\/\/dmc.buemes.com.uy\/wp-content\/uploads\/2022\/06\/buemesLogo.svg","width":196,"height":52,"caption":"Buemes"},"image":{"@id":"https:\/\/dmc.buemes.com.uy\/#\/schema\/logo\/image\/"}}]}},"_links":{"self":[{"href":"https:\/\/dmc.buemes.com.uy\/en\/wp-json\/wp\/v2\/pages\/129","targetHints":{"allow":["GET"]}}],"collection":[{"href":"https:\/\/dmc.buemes.com.uy\/en\/wp-json\/wp\/v2\/pages"}],"about":[{"href":"https:\/\/dmc.buemes.com.uy\/en\/wp-json\/wp\/v2\/types\/page"}],"author":[{"embeddable":true,"href":"https:\/\/dmc.buemes.com.uy\/en\/wp-json\/wp\/v2\/users\/2"}],"replies":[{"embeddable":true,"href":"https:\/\/dmc.buemes.com.uy\/en\/wp-json\/wp\/v2\/comments?post=129"}],"version-history":[{"count":200,"href":"https:\/\/dmc.buemes.com.uy\/en\/wp-json\/wp\/v2\/pages\/129\/revisions"}],"predecessor-version":[{"id":2108,"href":"https:\/\/dmc.buemes.com.uy\/en\/wp-json\/wp\/v2\/pages\/129\/revisions\/2108"}],"wp:attachment":[{"href":"https:\/\/dmc.buemes.com.uy\/en\/wp-json\/wp\/v2\/media?parent=129"}],"curies":[{"name":"wp","href":"https:\/\/api.w.org\/{rel}","templated":true}]}}