{"id":517,"date":"2022-06-08T12:51:26","date_gmt":"2022-06-08T12:51:26","guid":{"rendered":"https:\/\/dmc.buemes.com.uy\/?page_id=517"},"modified":"2022-07-28T14:01:28","modified_gmt":"2022-07-28T14:01:28","slug":"shore-excursions","status":"publish","type":"page","link":"https:\/\/dmc.buemes.com.uy\/en\/shore-excursions\/","title":{"rendered":"SHORE EXCURSIONS"},"content":{"rendered":"<div data-elementor-type=\"wp-page\" data-elementor-id=\"517\" class=\"elementor elementor-517\">\n\t\t\t\t\t\t<section class=\"elementor-section elementor-top-section elementor-element elementor-element-643ca780 elementor-section-boxed elementor-section-height-default elementor-section-height-default\" data-id=\"643ca780\" data-element_type=\"section\">\n\t\t\t\t\t\t<div class=\"elementor-container elementor-column-gap-default\">\n\t\t\t\t\t<div class=\"elementor-column elementor-col-100 elementor-top-column elementor-element elementor-element-284a083c\" data-id=\"284a083c\" data-element_type=\"column\">\n\t\t\t<div class=\"elementor-widget-wrap elementor-element-populated\">\n\t\t\t\t\t\t<div class=\"elementor-element elementor-element-38e6ce8 elementor-arrows-position-inside elementor-pagination-position-outside elementor-widget elementor-widget-image-carousel\" data-id=\"38e6ce8\" data-element_type=\"widget\" data-settings=\"{&quot;navigation&quot;:&quot;both&quot;,&quot;autoplay&quot;:&quot;yes&quot;,&quot;pause_on_hover&quot;:&quot;yes&quot;,&quot;pause_on_interaction&quot;:&quot;yes&quot;,&quot;autoplay_speed&quot;:5000,&quot;infinite&quot;:&quot;yes&quot;,&quot;speed&quot;:500}\" data-widget_type=\"image-carousel.default\">\n\t\t\t\t<div class=\"elementor-widget-container\">\n\t\t\t\t\t\t\t<div class=\"elementor-image-carousel-wrapper swiper\" role=\"region\" aria-roledescription=\"carousel\" aria-label=\"Image Carousel\" dir=\"ltr\">\n\t\t\t<div class=\"elementor-image-carousel swiper-wrapper\" aria-live=\"off\">\n\t\t\t\t\t\t\t\t<div class=\"swiper-slide\" role=\"group\" aria-roledescription=\"slide\" aria-label=\"1 of 11\"><figure class=\"swiper-slide-inner\"><img decoding=\"async\" class=\"swiper-slide-image\" src=\"https:\/\/dmc.buemes.com.uy\/wp-content\/uploads\/elementor\/thumbs\/01-Buemes-2Y9A9627-psfljwhdmrll4si04lxsop37qt5t0wngokuvweb5bg.jpg\" alt=\"01 - Buemes - 2Y9A9627\" \/><\/figure><\/div><div class=\"swiper-slide\" role=\"group\" aria-roledescription=\"slide\" aria-label=\"2 of 11\"><figure class=\"swiper-slide-inner\"><img decoding=\"async\" class=\"swiper-slide-image\" src=\"https:\/\/dmc.buemes.com.uy\/wp-content\/uploads\/elementor\/thumbs\/5R0A1504-psfljyd20fo5s0f9tmr1tom4xkwjgauxcu5uuy8cz0.jpg\" alt=\"5R0A1504\" \/><\/figure><\/div><div class=\"swiper-slide\" role=\"group\" aria-roledescription=\"slide\" aria-label=\"3 of 11\"><figure class=\"swiper-slide-inner\"><img decoding=\"async\" class=\"swiper-slide-image\" src=\"https:\/\/dmc.buemes.com.uy\/wp-content\/uploads\/elementor\/thumbs\/5R0A1669-psflk16kkxs0qub6d5yxj5wipqin3e64d84bas46gc.jpg\" alt=\"5R0A1669\" \/><\/figure><\/div><div class=\"swiper-slide\" role=\"group\" aria-roledescription=\"slide\" aria-label=\"4 of 11\"><figure class=\"swiper-slide-inner\"><img decoding=\"async\" class=\"swiper-slide-image\" src=\"https:\/\/dmc.buemes.com.uy\/wp-content\/uploads\/elementor\/thumbs\/5R0A1878-psflk328ylule28g26s6o5ffwi9disdl1hfa9c1e3w.jpg\" alt=\"5R0A1878\" \/><\/figure><\/div><div class=\"swiper-slide\" role=\"group\" aria-roledescription=\"slide\" aria-label=\"5 of 11\"><figure class=\"swiper-slide-inner\"><img decoding=\"async\" class=\"swiper-slide-image\" src=\"https:\/\/dmc.buemes.com.uy\/wp-content\/uploads\/elementor\/thumbs\/5R0A1922-psflk5vrj3ygcw4clq02dmptonvh5vos1vdqp5x7l8.jpg\" alt=\"5R0A1922\" \/><\/figure><\/div><div class=\"swiper-slide\" role=\"group\" aria-roledescription=\"slide\" aria-label=\"6 of 11\"><figure class=\"swiper-slide-inner\"><img decoding=\"async\" class=\"swiper-slide-image\" src=\"https:\/\/dmc.buemes.com.uy\/wp-content\/uploads\/elementor\/thumbs\/5R0A2114-psflk7rfws11041maqtbim8qvfm7l9w8q4opnpuf8s.jpg\" alt=\"5R0A2114\" \/><\/figure><\/div><div class=\"swiper-slide\" role=\"group\" aria-roledescription=\"slide\" aria-label=\"7 of 11\"><figure class=\"swiper-slide-inner\"><img decoding=\"async\" class=\"swiper-slide-image\" src=\"https:\/\/dmc.buemes.com.uy\/wp-content\/uploads\/elementor\/thumbs\/15-Buemes-2Y9A9689-psflk8pa3m2bbq09597y3407gthksyzz29c74zt12k.jpg\" alt=\"15 - Buemes - 2Y9A9689\" \/><\/figure><\/div><div class=\"swiper-slide\" role=\"group\" aria-roledescription=\"slide\" aria-label=\"8 of 11\"><figure class=\"swiper-slide-inner\"><img decoding=\"async\" class=\"swiper-slide-image\" src=\"https:\/\/dmc.buemes.com.uy\/wp-content\/uploads\/elementor\/thumbs\/43-Buemes-2Y9A9841-psflkbiso466ajw5osftslal8z3og2b62nanktoujw.jpg\" alt=\"43 - Buemes - 2Y9A9841\" \/><\/figure><\/div><div class=\"swiper-slide\" role=\"group\" aria-roledescription=\"slide\" aria-label=\"9 of 11\"><figure class=\"swiper-slide-inner\"><img decoding=\"async\" class=\"swiper-slide-image\" src=\"https:\/\/dmc.buemes.com.uy\/wp-content\/uploads\/elementor\/thumbs\/49-La-Rabida-5R0A8771-psflkdeh1s8qxrtfdt92xktifquevgimqwlmjdm27g.jpg\" alt=\"49 - La Rabida - 5R0A8771\" \/><\/figure><\/div><div class=\"swiper-slide\" role=\"group\" aria-roledescription=\"slide\" aria-label=\"10 of 11\"><figure class=\"swiper-slide-inner\"><img decoding=\"async\" class=\"swiper-slide-image\" src=\"https:\/\/dmc.buemes.com.uy\/wp-content\/uploads\/elementor\/thumbs\/142-La-Rabida-5R0A9001-psflkfa5fgbbkzqp2u2c2kcfmil5auq3f5wlhxj9v0.jpg\" alt=\"142 - La Rabida - 5R0A9001\" \/><\/figure><\/div><div class=\"swiper-slide\" role=\"group\" aria-roledescription=\"slide\" aria-label=\"11 of 11\"><figure class=\"swiper-slide-inner\"><img decoding=\"async\" class=\"swiper-slide-image\" src=\"https:\/\/dmc.buemes.com.uy\/wp-content\/uploads\/elementor\/thumbs\/DJI_0660-psflkg7zmaclwlpbxcgyn23w7wgiijttrak2z7hvos.jpg\" alt=\"DJI_0660\" \/><\/figure><\/div>\t\t\t<\/div>\n\t\t\t\t\t\t\t\t\t\t\t\t<div class=\"elementor-swiper-button elementor-swiper-button-prev\" role=\"button\" tabindex=\"0\">\n\t\t\t\t\t\t<i aria-hidden=\"true\" class=\"eicon-chevron-left\"><\/i>\t\t\t\t\t<\/div>\n\t\t\t\t\t<div class=\"elementor-swiper-button elementor-swiper-button-next\" role=\"button\" tabindex=\"0\">\n\t\t\t\t\t\t<i aria-hidden=\"true\" class=\"eicon-chevron-right\"><\/i>\t\t\t\t\t<\/div>\n\t\t\t\t\n\t\t\t\t\t\t\t\t\t<div class=\"swiper-pagination\"><\/div>\n\t\t\t\t\t\t\t\t\t<\/div>\n\t\t\t\t\t\t<\/div>\n\t\t\t\t<\/div>\n\t\t\t\t<div class=\"elementor-element elementor-element-654ade7c elementor-widget elementor-widget-text-editor\" data-id=\"654ade7c\" data-element_type=\"widget\" data-widget_type=\"text-editor.default\">\n\t\t\t\t<div class=\"elementor-widget-container\">\n\t\t\t\t\t\t\t\t\t<h2>Shore Excursions<\/h2><p>Desde 1976 las m\u00e1s exclusivas compa\u00f1\u00edas de cruceros conf\u00edan en nuestros servicios, que garantizan una excelente estad\u00eda en nuestro pa\u00eds mientras la embarcaci\u00f3n visita nuestros puertos.<\/p><p>La experiencia de nuestros staff, la calidad de los veh\u00edculos utilizados as\u00ed como tambi\u00e9n los programas creados por nuestro personal exclusivamente para el p\u00fablico de cruceros nos han convertido en los pioneros de la materia, as\u00ed como tambi\u00e9n un referente en el mercado.<\/p><p>Programas hechos a medida en los puertos de Montevideo y Punta del Este acompa\u00f1ados por los mejores y m\u00e1s experimentados gu\u00edas, entrenados por nosotros en las \u00e1reas en las que trabajan, siempre asistidos por excelentes opciones de transporte.<\/p><p>El hecho de haber sido el primer operador tur\u00edstico en ofrecer excursiones a bordo de cruceros nos da la experiencia y recursos necesarios para poder cumplir con las exigencias de los clientes m\u00e1s exclusivos y demandantes.<\/p><p>Consejo del equipo de Viajes Buemes: Recomendamos la contrataci\u00f3n de un veh\u00edculo &amp; gu\u00eda a disposici\u00f3n por medio d\u00eda\/d\u00eda completo para poder disfrutar de la mejor experiencia hecha a medida de acuerdo a los gustos y preferencias en el d\u00eda espec\u00edfico de tomar el tour.<\/p>\t\t\t\t\t\t\t\t<\/div>\n\t\t\t\t<\/div>\n\t\t\t\t\t<\/div>\n\t\t<\/div>\n\t\t\t\t\t<\/div>\n\t\t<\/section>\n\t\t\t\t<\/div>","protected":false},"excerpt":{"rendered":"<p>Previous Next Shore Excursions Desde 1976 las m\u00e1s exclusivas compa\u00f1\u00edas de cruceros conf\u00edan en nuestros servicios, que garantizan una excelente estad\u00eda en nuestro pa\u00eds mientras la embarcaci\u00f3n visita nuestros puertos. La experiencia de nuestros staff, la calidad de los veh\u00edculos utilizados as\u00ed como tambi\u00e9n los programas creados por nuestro personal exclusivamente para el p\u00fablico de [&hellip;]<\/p>","protected":false},"author":2,"featured_media":0,"parent":0,"menu_order":1,"comment_status":"closed","ping_status":"closed","template":"elementor_canvas","meta":{"inline_featured_image":false,"footnotes":""},"class_list":["post-517","page","type-page","status-publish","hentry"],"yoast_head":"<!-- This site is optimized with the Yoast SEO plugin v27.2 - https:\/\/yoast.com\/product\/yoast-seo-wordpress\/ -->\n<title>SHORE EXCURSIONS - Buemes<\/title>\n<meta name=\"robots\" content=\"index, follow, max-snippet:-1, max-image-preview:large, max-video-preview:-1\" \/>\n<link rel=\"canonical\" href=\"https:\/\/dmc.buemes.com.uy\/en\/shore-excursions\/\" \/>\n<meta property=\"og:locale\" content=\"en_GB\" \/>\n<meta property=\"og:type\" content=\"article\" \/>\n<meta property=\"og:title\" content=\"SHORE EXCURSIONS - Buemes\" \/>\n<meta property=\"og:description\" content=\"Previous Next Shore Excursions Desde 1976 las m\u00e1s exclusivas compa\u00f1\u00edas de cruceros conf\u00edan en nuestros servicios, que garantizan una excelente estad\u00eda en nuestro pa\u00eds mientras la embarcaci\u00f3n visita nuestros puertos. La experiencia de nuestros staff, la calidad de los veh\u00edculos utilizados as\u00ed como tambi\u00e9n los programas creados por nuestro personal exclusivamente para el p\u00fablico de [&hellip;]\" \/>\n<meta property=\"og:url\" content=\"https:\/\/dmc.buemes.com.uy\/en\/shore-excursions\/\" \/>\n<meta property=\"og:site_name\" content=\"Buemes\" \/>\n<meta property=\"article:modified_time\" content=\"2022-07-28T14:01:28+00:00\" \/>\n<meta property=\"og:image\" content=\"https:\/\/dmc.buemes.com.uy\/wp-content\/uploads\/elementor\/thumbs\/01-Buemes-2Y9A9627-psfljwhdmrll4si04lxsop37qt5t0wngokuvweb5bg.jpg\" \/>\n<meta name=\"twitter:card\" content=\"summary_large_image\" \/>\n<meta name=\"twitter:label1\" content=\"Estimated reading time\" \/>\n\t<meta name=\"twitter:data1\" content=\"4 minutes\" \/>\n<script type=\"application\/ld+json\" class=\"yoast-schema-graph\">{\"@context\":\"https:\/\/schema.org\",\"@graph\":[{\"@type\":\"WebPage\",\"@id\":\"https:\/\/dmc.buemes.com.uy\/shore-excursions\/\",\"url\":\"https:\/\/dmc.buemes.com.uy\/shore-excursions\/\",\"name\":\"SHORE EXCURSIONS - Buemes\",\"isPartOf\":{\"@id\":\"https:\/\/dmc.buemes.com.uy\/#website\"},\"primaryImageOfPage\":{\"@id\":\"https:\/\/dmc.buemes.com.uy\/shore-excursions\/#primaryimage\"},\"image\":{\"@id\":\"https:\/\/dmc.buemes.com.uy\/shore-excursions\/#primaryimage\"},\"thumbnailUrl\":\"https:\/\/dmc.buemes.com.uy\/wp-content\/uploads\/elementor\/thumbs\/01-Buemes-2Y9A9627-psfljwhdmrll4si04lxsop37qt5t0wngokuvweb5bg.jpg\",\"datePublished\":\"2022-06-08T12:51:26+00:00\",\"dateModified\":\"2022-07-28T14:01:28+00:00\",\"breadcrumb\":{\"@id\":\"https:\/\/dmc.buemes.com.uy\/shore-excursions\/#breadcrumb\"},\"inLanguage\":\"en-GB\",\"potentialAction\":[{\"@type\":\"ReadAction\",\"target\":[\"https:\/\/dmc.buemes.com.uy\/shore-excursions\/\"]}]},{\"@type\":\"ImageObject\",\"inLanguage\":\"en-GB\",\"@id\":\"https:\/\/dmc.buemes.com.uy\/shore-excursions\/#primaryimage\",\"url\":\"https:\/\/dmc.buemes.com.uy\/wp-content\/uploads\/elementor\/thumbs\/01-Buemes-2Y9A9627-psfljwhdmrll4si04lxsop37qt5t0wngokuvweb5bg.jpg\",\"contentUrl\":\"https:\/\/dmc.buemes.com.uy\/wp-content\/uploads\/elementor\/thumbs\/01-Buemes-2Y9A9627-psfljwhdmrll4si04lxsop37qt5t0wngokuvweb5bg.jpg\"},{\"@type\":\"BreadcrumbList\",\"@id\":\"https:\/\/dmc.buemes.com.uy\/shore-excursions\/#breadcrumb\",\"itemListElement\":[{\"@type\":\"ListItem\",\"position\":1,\"name\":\"Home\",\"item\":\"https:\/\/dmc.buemes.com.uy\/\"},{\"@type\":\"ListItem\",\"position\":2,\"name\":\"SHORE EXCURSIONS\"}]},{\"@type\":\"WebSite\",\"@id\":\"https:\/\/dmc.buemes.com.uy\/#website\",\"url\":\"https:\/\/dmc.buemes.com.uy\/\",\"name\":\"Buemes\",\"description\":\"\",\"publisher\":{\"@id\":\"https:\/\/dmc.buemes.com.uy\/#organization\"},\"potentialAction\":[{\"@type\":\"SearchAction\",\"target\":{\"@type\":\"EntryPoint\",\"urlTemplate\":\"https:\/\/dmc.buemes.com.uy\/?s={search_term_string}\"},\"query-input\":{\"@type\":\"PropertyValueSpecification\",\"valueRequired\":true,\"valueName\":\"search_term_string\"}}],\"inLanguage\":\"en-GB\"},{\"@type\":\"Organization\",\"@id\":\"https:\/\/dmc.buemes.com.uy\/#organization\",\"name\":\"Buemes\",\"url\":\"https:\/\/dmc.buemes.com.uy\/\",\"logo\":{\"@type\":\"ImageObject\",\"inLanguage\":\"en-GB\",\"@id\":\"https:\/\/dmc.buemes.com.uy\/#\/schema\/logo\/image\/\",\"url\":\"https:\/\/dmc.buemes.com.uy\/wp-content\/uploads\/2022\/06\/buemesLogo.svg\",\"contentUrl\":\"https:\/\/dmc.buemes.com.uy\/wp-content\/uploads\/2022\/06\/buemesLogo.svg\",\"width\":196,\"height\":52,\"caption\":\"Buemes\"},\"image\":{\"@id\":\"https:\/\/dmc.buemes.com.uy\/#\/schema\/logo\/image\/\"}}]}<\/script>\n<!-- \/ Yoast SEO plugin. -->","yoast_head_json":{"title":"SHORE EXCURSIONS - Buemes","robots":{"index":"index","follow":"follow","max-snippet":"max-snippet:-1","max-image-preview":"max-image-preview:large","max-video-preview":"max-video-preview:-1"},"canonical":"https:\/\/dmc.buemes.com.uy\/en\/shore-excursions\/","og_locale":"en_GB","og_type":"article","og_title":"SHORE EXCURSIONS - Buemes","og_description":"Previous Next Shore Excursions Desde 1976 las m\u00e1s exclusivas compa\u00f1\u00edas de cruceros conf\u00edan en nuestros servicios, que garantizan una excelente estad\u00eda en nuestro pa\u00eds mientras la embarcaci\u00f3n visita nuestros puertos. La experiencia de nuestros staff, la calidad de los veh\u00edculos utilizados as\u00ed como tambi\u00e9n los programas creados por nuestro personal exclusivamente para el p\u00fablico de [&hellip;]","og_url":"https:\/\/dmc.buemes.com.uy\/en\/shore-excursions\/","og_site_name":"Buemes","article_modified_time":"2022-07-28T14:01:28+00:00","og_image":[{"url":"https:\/\/dmc.buemes.com.uy\/wp-content\/uploads\/elementor\/thumbs\/01-Buemes-2Y9A9627-psfljwhdmrll4si04lxsop37qt5t0wngokuvweb5bg.jpg","type":"","width":"","height":""}],"twitter_card":"summary_large_image","twitter_misc":{"Estimated reading time":"4 minutes"},"schema":{"@context":"https:\/\/schema.org","@graph":[{"@type":"WebPage","@id":"https:\/\/dmc.buemes.com.uy\/shore-excursions\/","url":"https:\/\/dmc.buemes.com.uy\/shore-excursions\/","name":"SHORE EXCURSIONS - Buemes","isPartOf":{"@id":"https:\/\/dmc.buemes.com.uy\/#website"},"primaryImageOfPage":{"@id":"https:\/\/dmc.buemes.com.uy\/shore-excursions\/#primaryimage"},"image":{"@id":"https:\/\/dmc.buemes.com.uy\/shore-excursions\/#primaryimage"},"thumbnailUrl":"https:\/\/dmc.buemes.com.uy\/wp-content\/uploads\/elementor\/thumbs\/01-Buemes-2Y9A9627-psfljwhdmrll4si04lxsop37qt5t0wngokuvweb5bg.jpg","datePublished":"2022-06-08T12:51:26+00:00","dateModified":"2022-07-28T14:01:28+00:00","breadcrumb":{"@id":"https:\/\/dmc.buemes.com.uy\/shore-excursions\/#breadcrumb"},"inLanguage":"en-GB","potentialAction":[{"@type":"ReadAction","target":["https:\/\/dmc.buemes.com.uy\/shore-excursions\/"]}]},{"@type":"ImageObject","inLanguage":"en-GB","@id":"https:\/\/dmc.buemes.com.uy\/shore-excursions\/#primaryimage","url":"https:\/\/dmc.buemes.com.uy\/wp-content\/uploads\/elementor\/thumbs\/01-Buemes-2Y9A9627-psfljwhdmrll4si04lxsop37qt5t0wngokuvweb5bg.jpg","contentUrl":"https:\/\/dmc.buemes.com.uy\/wp-content\/uploads\/elementor\/thumbs\/01-Buemes-2Y9A9627-psfljwhdmrll4si04lxsop37qt5t0wngokuvweb5bg.jpg"},{"@type":"BreadcrumbList","@id":"https:\/\/dmc.buemes.com.uy\/shore-excursions\/#breadcrumb","itemListElement":[{"@type":"ListItem","position":1,"name":"Home","item":"https:\/\/dmc.buemes.com.uy\/"},{"@type":"ListItem","position":2,"name":"SHORE EXCURSIONS"}]},{"@type":"WebSite","@id":"https:\/\/dmc.buemes.com.uy\/#website","url":"https:\/\/dmc.buemes.com.uy\/","name":"Buemes","description":"","publisher":{"@id":"https:\/\/dmc.buemes.com.uy\/#organization"},"potentialAction":[{"@type":"SearchAction","target":{"@type":"EntryPoint","urlTemplate":"https:\/\/dmc.buemes.com.uy\/?s={search_term_string}"},"query-input":{"@type":"PropertyValueSpecification","valueRequired":true,"valueName":"search_term_string"}}],"inLanguage":"en-GB"},{"@type":"Organization","@id":"https:\/\/dmc.buemes.com.uy\/#organization","name":"Buemes","url":"https:\/\/dmc.buemes.com.uy\/","logo":{"@type":"ImageObject","inLanguage":"en-GB","@id":"https:\/\/dmc.buemes.com.uy\/#\/schema\/logo\/image\/","url":"https:\/\/dmc.buemes.com.uy\/wp-content\/uploads\/2022\/06\/buemesLogo.svg","contentUrl":"https:\/\/dmc.buemes.com.uy\/wp-content\/uploads\/2022\/06\/buemesLogo.svg","width":196,"height":52,"caption":"Buemes"},"image":{"@id":"https:\/\/dmc.buemes.com.uy\/#\/schema\/logo\/image\/"}}]}},"_links":{"self":[{"href":"https:\/\/dmc.buemes.com.uy\/en\/wp-json\/wp\/v2\/pages\/517","targetHints":{"allow":["GET"]}}],"collection":[{"href":"https:\/\/dmc.buemes.com.uy\/en\/wp-json\/wp\/v2\/pages"}],"about":[{"href":"https:\/\/dmc.buemes.com.uy\/en\/wp-json\/wp\/v2\/types\/page"}],"author":[{"embeddable":true,"href":"https:\/\/dmc.buemes.com.uy\/en\/wp-json\/wp\/v2\/users\/2"}],"replies":[{"embeddable":true,"href":"https:\/\/dmc.buemes.com.uy\/en\/wp-json\/wp\/v2\/comments?post=517"}],"version-history":[{"count":48,"href":"https:\/\/dmc.buemes.com.uy\/en\/wp-json\/wp\/v2\/pages\/517\/revisions"}],"predecessor-version":[{"id":2127,"href":"https:\/\/dmc.buemes.com.uy\/en\/wp-json\/wp\/v2\/pages\/517\/revisions\/2127"}],"wp:attachment":[{"href":"https:\/\/dmc.buemes.com.uy\/en\/wp-json\/wp\/v2\/media?parent=517"}],"curies":[{"name":"wp","href":"https:\/\/api.w.org\/{rel}","templated":true}]}}